{"id":73,"date":"2025-10-08T19:37:32","date_gmt":"2025-10-08T19:37:32","guid":{"rendered":"https:\/\/alperakgul.com.tr\/?page_id=73"},"modified":"2025-10-08T19:37:32","modified_gmt":"2025-10-08T19:37:32","slug":"portfolio","status":"publish","type":"page","link":"https:\/\/alperakgul.com.tr\/?page_id=73","title":{"rendered":"Portfolio"},"content":{"rendered":"\n<p>..bi&#8217; dakika l\u00fctfen (reklamc\u0131 yalan\u0131; 1 dakika=6 saat) \ud83d\ude42<\/p>\n","protected":false},"excerpt":{"rendered":"<p>..bi&#8217; dakika l\u00fctfen (reklamc\u0131 yalan\u0131; 1 dakika=6 saat) \ud83d\ude42<\/p>\n","protected":false},"author":1,"featured_media":0,"parent":0,"menu_order":0,"comment_status":"closed","ping_status":"closed","template":"","meta":{"footnotes":""},"class_list":["post-73","page","type-page","status-publish","hentry","entry"],"_links":{"self":[{"href":"https:\/\/alperakgul.com.tr\/index.php?rest_route=\/wp\/v2\/pages\/73","targetHints":{"allow":["GET"]}}],"collection":[{"href":"https:\/\/alperakgul.com.tr\/index.php?rest_route=\/wp\/v2\/pages"}],"about":[{"href":"https:\/\/alperakgul.com.tr\/index.php?rest_route=\/wp\/v2\/types\/page"}],"author":[{"embeddable":true,"href":"https:\/\/alperakgul.com.tr\/index.php?rest_route=\/wp\/v2\/users\/1"}],"replies":[{"embeddable":true,"href":"https:\/\/alperakgul.com.tr\/index.php?rest_route=%2Fwp%2Fv2%2Fcomments&post=73"}],"version-history":[{"count":1,"href":"https:\/\/alperakgul.com.tr\/index.php?rest_route=\/wp\/v2\/pages\/73\/revisions"}],"predecessor-version":[{"id":74,"href":"https:\/\/alperakgul.com.tr\/index.php?rest_route=\/wp\/v2\/pages\/73\/revisions\/74"}],"wp:attachment":[{"href":"https:\/\/alperakgul.com.tr\/index.php?rest_route=%2Fwp%2Fv2%2Fmedia&parent=73"}],"curies":[{"name":"wp","href":"https:\/\/api.w.org\/{rel}","templated":true}]}}